{"id":32,"date":"2023-05-26T20:06:06","date_gmt":"2023-05-26T23:06:06","guid":{"rendered":"http:\/\/www.movitec.cl\/?page_id=32"},"modified":"2023-06-04T23:55:15","modified_gmt":"2023-06-05T02:55:15","slug":"multimedia","status":"publish","type":"page","link":"https:\/\/www.movitec.cl\/en\/multimedia\/","title":{"rendered":"Multimedia"},"content":{"rendered":"<p class=\"has-text-align-center has-black-color has-text-color has-background\" style=\"background:linear-gradient(90deg,rgba(252,185,0,1) 0%,rgba(255,105,0,1) 100%);font-size:40px;letter-spacing:1px\">Multimedia<\/p>\n\n\n<h3 style=\"text-align: justify;\"><span style=\"color: #000000;\" data-darkreader-inline-color=\"\"><strong><span style=\"font-size: 14pt;\">Experience and support for cutting-edge solutions in the fields of mining and energy, since 1874 vast experience and innovative solutions.<\/span><\/strong><\/span><\/h3>\n<p>\u00a0<\/p>\n\n\n<figure class=\"wp-block-gallery has-nested-images columns-default is-cropped wp-block-gallery-1 is-layout-flex\">\n<figure class=\"wp-block-image size-large\"><img decoding=\"async\" loading=\"lazy\" width=\"2200\" height=\"1401\" data-id=\"216\"  src=\"http:\/\/www.movitec.cl\/wp-content\/uploads\/2023\/05\/IMG_4458-2.jpg\" alt=\"\" class=\"wp-image-216\"\/><\/figure>\n\n\n\n<figure class=\"wp-block-image size-large\"><img decoding=\"async\" loading=\"lazy\" width=\"2200\" height=\"1467\" data-id=\"195\"  src=\"http:\/\/www.movitec.cl\/wp-content\/uploads\/2023\/05\/IMG_4462.jpg\" alt=\"\" class=\"wp-image-195\"\/><\/figure>\n\n\n\n<figure class=\"wp-block-image size-large\"><img decoding=\"async\" loading=\"lazy\" width=\"2200\" height=\"1390\" data-id=\"197\"  src=\"http:\/\/www.movitec.cl\/wp-content\/uploads\/2023\/05\/IMG_4470.jpg\" alt=\"\" class=\"wp-image-197\"\/><\/figure>\n\n\n\n<figure class=\"wp-block-image size-large\"><img decoding=\"async\" loading=\"lazy\" width=\"2200\" height=\"1261\" data-id=\"196\"  src=\"http:\/\/www.movitec.cl\/wp-content\/uploads\/2023\/05\/IMG_4528.jpg\" alt=\"\" class=\"wp-image-196\"\/><\/figure>\n\n\n\n<figure class=\"wp-block-image size-large\"><img decoding=\"async\" loading=\"lazy\" width=\"2200\" height=\"1467\" data-id=\"198\"  src=\"http:\/\/www.movitec.cl\/wp-content\/uploads\/2023\/05\/IMG_4555.jpg\" alt=\"\" class=\"wp-image-198\"\/><\/figure>\n\n\n\n<figure class=\"wp-block-image size-large\"><img decoding=\"async\" loading=\"lazy\" width=\"2200\" height=\"1467\" data-id=\"217\"  src=\"http:\/\/www.movitec.cl\/wp-content\/uploads\/2023\/05\/IMG_4566-2.jpg\" alt=\"\" class=\"wp-image-217\"\/><\/figure>\n\n\n\n<figure class=\"wp-block-image size-large\"><img decoding=\"async\" loading=\"lazy\" width=\"2200\" height=\"1467\" data-id=\"218\"  src=\"http:\/\/www.movitec.cl\/wp-content\/uploads\/2023\/05\/IMG_4568-2.jpg\" alt=\"\" class=\"wp-image-218\"\/><\/figure>\n\n\n\n<figure class=\"wp-block-image size-large\"><img decoding=\"async\" loading=\"lazy\" width=\"2200\" height=\"1439\" data-id=\"219\"  src=\"http:\/\/www.movitec.cl\/wp-content\/uploads\/2023\/05\/IMG_4606-1.jpg\" alt=\"\" class=\"wp-image-219\"\/><\/figure>\n\n\n\n<figure class=\"wp-block-image size-large\"><img decoding=\"async\" loading=\"lazy\" width=\"5184\" height=\"3456\" data-id=\"200\"  src=\"http:\/\/www.movitec.cl\/wp-content\/uploads\/2023\/05\/IMG_4671-1.jpg\" alt=\"\" class=\"wp-image-200\"\/><\/figure>\n\n\n\n<figure class=\"wp-block-image size-large\"><img decoding=\"async\" loading=\"lazy\" width=\"2193\" height=\"1467\" data-id=\"220\"  src=\"http:\/\/www.movitec.cl\/wp-content\/uploads\/2023\/05\/IMG_4696.jpg\" alt=\"\" class=\"wp-image-220\"\/><\/figure>\n\n\n\n<figure class=\"wp-block-image size-large\"><img decoding=\"async\" loading=\"lazy\" width=\"2200\" height=\"1467\" data-id=\"221\"  src=\"http:\/\/www.movitec.cl\/wp-content\/uploads\/2023\/05\/Personal-Movitec-en-Terreno.jpg\" alt=\"\" class=\"wp-image-221\"\/><\/figure>\n<\/figure>\n\n\n\n<p><\/p>\n\n\n\n<p class=\"has-text-align-center has-black-color has-luminous-vivid-orange-background-color has-text-color has-background\" style=\"font-size:30px\"><strong>Committed to work day and night.<\/strong><\/p>\n\n\n\n<div class=\"wp-block-media-text alignwide has-media-on-the-right is-stacked-on-mobile\"><div class=\"wp-block-media-text__content\">\n<p class=\"has-text-align-right has-black-color has-text-color\" style=\"font-size:24px\">               Mining exploitation<\/p>\n<\/div><figure class=\"wp-block-media-text__media\"><video controls src=\"http:\/\/www.movitec.cl\/wp-content\/uploads\/2023\/05\/DJI_0211.mp4\"><\/video><\/figure><\/div>\n\n\n\n<div class=\"wp-block-media-text alignwide has-media-on-the-right is-stacked-on-mobile\"><div class=\"wp-block-media-text__content\">\n<p class=\"has-text-align-right has-black-color has-text-color\" style=\"font-size:24px\">             Earth movement<\/p>\n<\/div><figure class=\"wp-block-media-text__media\"><video controls src=\"http:\/\/www.movitec.cl\/wp-content\/uploads\/2023\/05\/MVI_4602.mp4\"><\/video><\/figure><\/div>\n\n\n\n<div class=\"wp-block-media-text alignwide has-media-on-the-right is-stacked-on-mobile\"><div class=\"wp-block-media-text__content\">\n<p class=\"has-text-align-right has-black-color has-text-color\" style=\"font-size:24px\">Night Mining<\/p>\n<\/div><figure class=\"wp-block-media-text__media\"><video controls src=\"http:\/\/www.movitec.cl\/wp-content\/uploads\/2023\/05\/MVI_4698.mp4\"><\/video><\/figure><\/div>\n\n\n\n<div class=\"wp-block-media-text alignwide has-media-on-the-right is-stacked-on-mobile\"><div class=\"wp-block-media-text__content\">\n<p class=\"has-text-align-right has-black-color has-text-color\" style=\"font-size:24px\">            Mining jobs<\/p>\n<\/div><figure class=\"wp-block-media-text__media\"><video controls src=\"http:\/\/www.movitec.cl\/wp-content\/uploads\/2023\/05\/MVI_4528_2.mp4\"><\/video><\/figure><\/div>\n\n\n\n<ul>\n<li><\/li>\n<\/ul>\n\n\n\n<div class=\"wp-block-media-text alignwide has-media-on-the-right is-stacked-on-mobile\"><div class=\"wp-block-media-text__content\">\n<p class=\"has-text-align-right has-black-color has-text-color\" style=\"font-size:24px\">Rajo the Inca from the heights<\/p>\n<\/div><figure class=\"wp-block-media-text__media\"><video controls src=\"http:\/\/www.movitec.cl\/wp-content\/uploads\/2023\/05\/VIDEO-RAJO-INCA.mp4\"><\/video><\/figure><\/div>","protected":false},"excerpt":{"rendered":"<p>Multimedia Experiencia y soporte soluciones de vanguardia en los rubros de miner\u00eda y energ\u00eda ,desde 1874 vasta experiencia y soluciones innovadoras. \u00a0 Comprometidos con el trabajo d\u00eda y noche. Explotaci\u00f3n Minera Movimiento de tierra Explotaci\u00f3n Minera Nocturna Trabajos en miner\u00eda Rajo el inca desde las alturas<\/p>","protected":false},"author":1,"featured_media":0,"parent":0,"menu_order":0,"comment_status":"closed","ping_status":"closed","template":"page-templates\/page-full-width.php","meta":{"_background_id":0,"_xo_background":[]},"_links":{"self":[{"href":"https:\/\/www.movitec.cl\/en\/wp-json\/wp\/v2\/pages\/32"}],"collection":[{"href":"https:\/\/www.movitec.cl\/en\/wp-json\/wp\/v2\/pages"}],"about":[{"href":"https:\/\/www.movitec.cl\/en\/wp-json\/wp\/v2\/types\/page"}],"author":[{"embeddable":true,"href":"https:\/\/www.movitec.cl\/en\/wp-json\/wp\/v2\/users\/1"}],"replies":[{"embeddable":true,"href":"https:\/\/www.movitec.cl\/en\/wp-json\/wp\/v2\/comments?post=32"}],"version-history":[{"count":21,"href":"https:\/\/www.movitec.cl\/en\/wp-json\/wp\/v2\/pages\/32\/revisions"}],"predecessor-version":[{"id":528,"href":"https:\/\/www.movitec.cl\/en\/wp-json\/wp\/v2\/pages\/32\/revisions\/528"}],"wp:attachment":[{"href":"https:\/\/www.movitec.cl\/en\/wp-json\/wp\/v2\/media?parent=32"}],"curies":[{"name":"wp","href":"https:\/\/api.w.org\/{rel}","templated":true}]}}