{"id":40,"date":"2023-05-26T20:06:48","date_gmt":"2023-05-26T23:06:48","guid":{"rendered":"http:\/\/www.movitec.cl\/?page_id=40"},"modified":"2023-06-05T01:22:19","modified_gmt":"2023-06-05T04:22:19","slug":"contacto","status":"publish","type":"page","link":"https:\/\/www.movitec.cl\/en\/contacto\/","title":{"rendered":"Contact"},"content":{"rendered":"<p class=\"has-text-align-center has-black-color has-text-color has-background\" style=\"background:linear-gradient(90deg,rgba(252,185,0,1) 0%,rgba(255,105,0,1) 100%);font-size:40px;letter-spacing:1px\">Contact<\/p>\n\n\n<p><span style=\"color: #000000;\" data-darkreader-inline-color=\"\">You can locate us on our social networks and through our telephone number, also in our mailbox for more personalized attention for each requirement.<\/span><\/p>\n<p><span style=\"text-decoration: underline; color: #000000;\" data-darkreader-inline-color=\"\"><span style=\"font-size: 18pt;\"><strong>Networks<\/strong><\/span><\/span><\/p>\n<p><span style=\"color: #0000ff;\" data-darkreader-inline-color=\"\"><a style=\"color: #0000ff;\" href=\"https:\/\/www.facebook.com\/profile.php?id=100092273545642&amp;mibextid=ZbWKwL\" data-darkreader-inline-color=\"\"><span style=\"--darkreader-inline-color: #337dff;\">https:\/\/www.facebook.com\/profile.php?id=100092273545642&amp;mibextid=ZbWKwL<\/span><\/a><\/span><\/p>\n<p><span style=\"color: #0000ff;\" data-darkreader-inline-color=\"\"><a style=\"color: #0000ff;\" href=\"https:\/\/www.instagram.com\/movitec_s.a\/\" data-darkreader-inline-color=\"\"><span style=\"--darkreader-inline-color: #337dff;\">https:\/\/www.instagram.com\/movitec_s.a\/<\/span><\/a><\/span><\/p>\n<p><span style=\"color: #0000ff;\" data-darkreader-inline-color=\"\"><a style=\"color: #0000ff;\" href=\"https:\/\/www.linkedin.com\/company\/movitec-sa\/\" data-darkreader-inline-color=\"\"><span style=\"--darkreader-inline-color: #337dff;\">https:\/\/www.linkedin.com\/company\/movitec-sa\/<\/span><\/a><\/span><\/p>\n<p><span style=\"text-decoration: underline; color: #000000;\" data-darkreader-inline-color=\"\"><strong>Telephone No.<\/strong><\/span><\/p>\n<p><span style=\"color: #000000;\" data-darkreader-inline-color=\"\">+569 22 371 8052<\/span><\/p>\n<p><span style=\"color: #000000;\" data-darkreader-inline-color=\"\"><strong><span style=\"text-decoration: underline;\">Email:<\/span> <\/strong><\/span><\/p>\n<p><span style=\"color: #000000;\" data-darkreader-inline-color=\"\">contacto@movitec.cl<\/span><\/p>\n<p><span style=\"color: #000000; --darkreader-inline-color: #e8e6e3;\" data-darkreader-inline-color=\"\"><strong><span style=\"text-decoration: underline;\">Address:<\/span> <\/strong><\/span><\/p>\n<p><span style=\"color: #000000;\" data-darkreader-inline-color=\"\">Av. las condes 11400, Vitacura<\/span><\/p>\n<p><span style=\"color: #000000;\" data-darkreader-inline-color=\"\">&#8211;<\/span><\/p>\n\n\n<p class=\"has-black-color has-text-color\" style=\"font-size:25px\">Our Locations.<\/p>\n\n\n<div class=\"wp-block-image\">\n<figure class=\"aligncenter size-full is-resized\"><img decoding=\"async\" loading=\"lazy\" src=\"http:\/\/www.movitec.cl\/wp-content\/uploads\/2023\/05\/mapa.png\" alt=\"\" class=\"wp-image-67\" width=\"960\" height=\"526\"\/><\/figure><\/div>","protected":false},"excerpt":{"rendered":"<p>Contacto Nos puedes ubicar en nuestras redes sociales y atraves de nuestro n\u00famero telef\u00f3nico, tambi\u00e9n en nuestra casilla de correo para una atenci\u00f3n m\u00e1s personalizada para cada requerimiento. Redes: https:\/\/www.facebook.com\/profile.php?id=100092273545642&amp;mibextid=ZbWKwL https:\/\/www.instagram.com\/movitec_s.a\/ https:\/\/www.linkedin.com\/company\/movitec-sa\/ N\u00b0 Telefonico +569 22 371 8052 Correo Electronico: contacto@movitec.cl Direcci\u00f3n: Av. las condes 11400, Vitacura &#8211; Nuestras Ubicaciones.<\/p>","protected":false},"author":1,"featured_media":0,"parent":0,"menu_order":0,"comment_status":"closed","ping_status":"closed","template":"page-templates\/page-full-width.php","meta":{"_background_id":0,"_xo_background":[]},"_links":{"self":[{"href":"https:\/\/www.movitec.cl\/en\/wp-json\/wp\/v2\/pages\/40"}],"collection":[{"href":"https:\/\/www.movitec.cl\/en\/wp-json\/wp\/v2\/pages"}],"about":[{"href":"https:\/\/www.movitec.cl\/en\/wp-json\/wp\/v2\/types\/page"}],"author":[{"embeddable":true,"href":"https:\/\/www.movitec.cl\/en\/wp-json\/wp\/v2\/users\/1"}],"replies":[{"embeddable":true,"href":"https:\/\/www.movitec.cl\/en\/wp-json\/wp\/v2\/comments?post=40"}],"version-history":[{"count":34,"href":"https:\/\/www.movitec.cl\/en\/wp-json\/wp\/v2\/pages\/40\/revisions"}],"predecessor-version":[{"id":542,"href":"https:\/\/www.movitec.cl\/en\/wp-json\/wp\/v2\/pages\/40\/revisions\/542"}],"wp:attachment":[{"href":"https:\/\/www.movitec.cl\/en\/wp-json\/wp\/v2\/media?parent=40"}],"curies":[{"name":"wp","href":"https:\/\/api.w.org\/{rel}","templated":true}]}}